{"id":1253,"date":"2024-10-11T18:18:45","date_gmt":"2024-10-11T18:18:45","guid":{"rendered":"https:\/\/frenchtutoringlondon.com\/a-level\/"},"modified":"2024-12-03T16:12:57","modified_gmt":"2024-12-03T16:12:57","slug":"a-level","status":"publish","type":"page","link":"https:\/\/frenchtutoringlondon.com\/fr\/a-level\/","title":{"rendered":"A-Level"},"content":{"rendered":"","protected":false},"excerpt":{"rendered":"","protected":false},"author":1,"featured_media":0,"parent":0,"menu_order":0,"comment_status":"closed","ping_status":"closed","template":"","meta":{"footnotes":""},"class_list":["post-1253","page","type-page","status-publish","hentry"],"yoast_head":"<!-- This site is optimized with the Yoast SEO plugin v27.3 - https:\/\/yoast.com\/product\/yoast-seo-wordpress\/ -->\n<title>A-Level - French Tutoring<\/title>\n<meta name=\"description\" content=\"Nous vous aidons \u00e0 d\u00e9velopper vos comp\u00e9tences en mati\u00e8re d&#039;\u00e9coute, de lecture, d&#039;\u00e9criture et d&#039;expression orale. Couvrant les diff\u00e9rents th\u00e8mes du programme d&#039;\u00e9tudes des As (groupe 1) et des A Level (groupe 2) sur le monde francophone culturel, social, artistique et politique.\" \/>\n<meta name=\"robots\" content=\"index, follow, max-snippet:-1, max-image-preview:large, max-video-preview:-1\" \/>\n<link rel=\"canonical\" href=\"https:\/\/frenchtutoringlondon.com\/fr\/a-level\/\" \/>\n<meta property=\"og:locale\" content=\"fr_FR\" \/>\n<meta property=\"og:type\" content=\"article\" \/>\n<meta property=\"og:title\" content=\"A-Level - French Tutoring\" \/>\n<meta property=\"og:description\" content=\"Nous vous aidons \u00e0 d\u00e9velopper vos comp\u00e9tences en mati\u00e8re d&#039;\u00e9coute, de lecture, d&#039;\u00e9criture et d&#039;expression orale. Couvrant les diff\u00e9rents th\u00e8mes du programme d&#039;\u00e9tudes des As (groupe 1) et des A Level (groupe 2) sur le monde francophone culturel, social, artistique et politique.\" \/>\n<meta property=\"og:url\" content=\"https:\/\/frenchtutoringlondon.com\/fr\/a-level\/\" \/>\n<meta property=\"og:site_name\" content=\"French Tutoring\" \/>\n<meta property=\"article:modified_time\" content=\"2024-12-03T16:12:57+00:00\" \/>\n<script type=\"application\/ld+json\" class=\"yoast-schema-graph\">{\"@context\":\"https:\\\/\\\/schema.org\",\"@graph\":[{\"@type\":\"WebPage\",\"@id\":\"https:\\\/\\\/frenchtutoringlondon.com\\\/fr\\\/a-level\\\/\",\"url\":\"https:\\\/\\\/frenchtutoringlondon.com\\\/fr\\\/a-level\\\/\",\"name\":\"A-Level - French Tutoring\",\"isPartOf\":{\"@id\":\"https:\\\/\\\/frenchtutoringlondon.com\\\/fr\\\/#website\"},\"datePublished\":\"2024-10-11T18:18:45+00:00\",\"dateModified\":\"2024-12-03T16:12:57+00:00\",\"description\":\"Nous vous aidons \u00e0 d\u00e9velopper vos comp\u00e9tences en mati\u00e8re d'\u00e9coute, de lecture, d'\u00e9criture et d'expression orale. Couvrant les diff\u00e9rents th\u00e8mes du programme d'\u00e9tudes des As (groupe 1) et des A Level (groupe 2) sur le monde francophone culturel, social, artistique et politique.\",\"breadcrumb\":{\"@id\":\"https:\\\/\\\/frenchtutoringlondon.com\\\/fr\\\/a-level\\\/#breadcrumb\"},\"inLanguage\":\"fr-FR\",\"potentialAction\":[{\"@type\":\"ReadAction\",\"target\":[\"https:\\\/\\\/frenchtutoringlondon.com\\\/fr\\\/a-level\\\/\"]}]},{\"@type\":\"BreadcrumbList\",\"@id\":\"https:\\\/\\\/frenchtutoringlondon.com\\\/fr\\\/a-level\\\/#breadcrumb\",\"itemListElement\":[{\"@type\":\"ListItem\",\"position\":1,\"name\":\"Accueil\",\"item\":\"https:\\\/\\\/frenchtutoringlondon.com\\\/fr\\\/accueil\\\/\"},{\"@type\":\"ListItem\",\"position\":2,\"name\":\"A-Level\"}]},{\"@type\":\"WebSite\",\"@id\":\"https:\\\/\\\/frenchtutoringlondon.com\\\/fr\\\/#website\",\"url\":\"https:\\\/\\\/frenchtutoringlondon.com\\\/fr\\\/\",\"name\":\"French Tutor\",\"description\":\"London and Online\",\"potentialAction\":[{\"@type\":\"SearchAction\",\"target\":{\"@type\":\"EntryPoint\",\"urlTemplate\":\"https:\\\/\\\/frenchtutoringlondon.com\\\/fr\\\/?s={search_term_string}\"},\"query-input\":{\"@type\":\"PropertyValueSpecification\",\"valueRequired\":true,\"valueName\":\"search_term_string\"}}],\"inLanguage\":\"fr-FR\"}]}<\/script>\n<!-- \/ Yoast SEO plugin. -->","yoast_head_json":{"title":"A-Level - French Tutoring","description":"Nous vous aidons \u00e0 d\u00e9velopper vos comp\u00e9tences en mati\u00e8re d'\u00e9coute, de lecture, d'\u00e9criture et d'expression orale. Couvrant les diff\u00e9rents th\u00e8mes du programme d'\u00e9tudes des As (groupe 1) et des A Level (groupe 2) sur le monde francophone culturel, social, artistique et politique.","robots":{"index":"index","follow":"follow","max-snippet":"max-snippet:-1","max-image-preview":"max-image-preview:large","max-video-preview":"max-video-preview:-1"},"canonical":"https:\/\/frenchtutoringlondon.com\/fr\/a-level\/","og_locale":"fr_FR","og_type":"article","og_title":"A-Level - French Tutoring","og_description":"Nous vous aidons \u00e0 d\u00e9velopper vos comp\u00e9tences en mati\u00e8re d'\u00e9coute, de lecture, d'\u00e9criture et d'expression orale. Couvrant les diff\u00e9rents th\u00e8mes du programme d'\u00e9tudes des As (groupe 1) et des A Level (groupe 2) sur le monde francophone culturel, social, artistique et politique.","og_url":"https:\/\/frenchtutoringlondon.com\/fr\/a-level\/","og_site_name":"French Tutoring","article_modified_time":"2024-12-03T16:12:57+00:00","schema":{"@context":"https:\/\/schema.org","@graph":[{"@type":"WebPage","@id":"https:\/\/frenchtutoringlondon.com\/fr\/a-level\/","url":"https:\/\/frenchtutoringlondon.com\/fr\/a-level\/","name":"A-Level - French Tutoring","isPartOf":{"@id":"https:\/\/frenchtutoringlondon.com\/fr\/#website"},"datePublished":"2024-10-11T18:18:45+00:00","dateModified":"2024-12-03T16:12:57+00:00","description":"Nous vous aidons \u00e0 d\u00e9velopper vos comp\u00e9tences en mati\u00e8re d'\u00e9coute, de lecture, d'\u00e9criture et d'expression orale. Couvrant les diff\u00e9rents th\u00e8mes du programme d'\u00e9tudes des As (groupe 1) et des A Level (groupe 2) sur le monde francophone culturel, social, artistique et politique.","breadcrumb":{"@id":"https:\/\/frenchtutoringlondon.com\/fr\/a-level\/#breadcrumb"},"inLanguage":"fr-FR","potentialAction":[{"@type":"ReadAction","target":["https:\/\/frenchtutoringlondon.com\/fr\/a-level\/"]}]},{"@type":"BreadcrumbList","@id":"https:\/\/frenchtutoringlondon.com\/fr\/a-level\/#breadcrumb","itemListElement":[{"@type":"ListItem","position":1,"name":"Accueil","item":"https:\/\/frenchtutoringlondon.com\/fr\/accueil\/"},{"@type":"ListItem","position":2,"name":"A-Level"}]},{"@type":"WebSite","@id":"https:\/\/frenchtutoringlondon.com\/fr\/#website","url":"https:\/\/frenchtutoringlondon.com\/fr\/","name":"French Tutor","description":"London and Online","potentialAction":[{"@type":"SearchAction","target":{"@type":"EntryPoint","urlTemplate":"https:\/\/frenchtutoringlondon.com\/fr\/?s={search_term_string}"},"query-input":{"@type":"PropertyValueSpecification","valueRequired":true,"valueName":"search_term_string"}}],"inLanguage":"fr-FR"}]}},"_links":{"self":[{"href":"https:\/\/frenchtutoringlondon.com\/fr\/wp-json\/wp\/v2\/pages\/1253","targetHints":{"allow":["GET"]}}],"collection":[{"href":"https:\/\/frenchtutoringlondon.com\/fr\/wp-json\/wp\/v2\/pages"}],"about":[{"href":"https:\/\/frenchtutoringlondon.com\/fr\/wp-json\/wp\/v2\/types\/page"}],"author":[{"embeddable":true,"href":"https:\/\/frenchtutoringlondon.com\/fr\/wp-json\/wp\/v2\/users\/1"}],"replies":[{"embeddable":true,"href":"https:\/\/frenchtutoringlondon.com\/fr\/wp-json\/wp\/v2\/comments?post=1253"}],"version-history":[{"count":1,"href":"https:\/\/frenchtutoringlondon.com\/fr\/wp-json\/wp\/v2\/pages\/1253\/revisions"}],"predecessor-version":[{"id":1473,"href":"https:\/\/frenchtutoringlondon.com\/fr\/wp-json\/wp\/v2\/pages\/1253\/revisions\/1473"}],"wp:attachment":[{"href":"https:\/\/frenchtutoringlondon.com\/fr\/wp-json\/wp\/v2\/media?parent=1253"}],"curies":[{"name":"wp","href":"https:\/\/api.w.org\/{rel}","templated":true}]}}