{"id":1252,"date":"2024-10-14T12:59:59","date_gmt":"2024-10-14T12:59:59","guid":{"rendered":"https:\/\/frenchtutoringlondon.com\/la-culture-japonaise-en-francais\/"},"modified":"2024-11-20T20:54:54","modified_gmt":"2024-11-20T20:54:54","slug":"la-culture-japonaise-en-francais","status":"publish","type":"page","link":"https:\/\/frenchtutoringlondon.com\/fr\/la-culture-japonaise-en-francais\/","title":{"rendered":"La culture japonaise en fran\u00e7ais"},"content":{"rendered":"","protected":false},"excerpt":{"rendered":"","protected":false},"author":1,"featured_media":0,"parent":0,"menu_order":0,"comment_status":"closed","ping_status":"closed","template":"","meta":{"footnotes":""},"class_list":["post-1252","page","type-page","status-publish","hentry"],"yoast_head":"<!-- This site is optimized with the Yoast SEO plugin v27.3 - https:\/\/yoast.com\/product\/yoast-seo-wordpress\/ -->\n<title>La culture japonaise en fran\u00e7ais - French Tutoring<\/title>\n<meta name=\"description\" content=\"Culture japonaise en fran\u00e7ais destin\u00e9e aux amoureux du Japon, de l&#039;art, et de ses traditions. C&#039;est aussi un moyen pour les guides ou futurs guides au Japon de se perfectionner, de s&#039;entretenir et d&#039;\u00e9changer en fran\u00e7ais.\" \/>\n<meta name=\"robots\" content=\"index, follow, max-snippet:-1, max-image-preview:large, max-video-preview:-1\" \/>\n<link rel=\"canonical\" href=\"https:\/\/frenchtutoringlondon.com\/fr\/la-culture-japonaise-en-francais\/\" \/>\n<meta property=\"og:locale\" content=\"fr_FR\" \/>\n<meta property=\"og:type\" content=\"article\" \/>\n<meta property=\"og:title\" content=\"La culture japonaise en fran\u00e7ais - French Tutoring\" \/>\n<meta property=\"og:description\" content=\"Culture japonaise en fran\u00e7ais destin\u00e9e aux amoureux du Japon, de l&#039;art, et de ses traditions. C&#039;est aussi un moyen pour les guides ou futurs guides au Japon de se perfectionner, de s&#039;entretenir et d&#039;\u00e9changer en fran\u00e7ais.\" \/>\n<meta property=\"og:url\" content=\"https:\/\/frenchtutoringlondon.com\/fr\/la-culture-japonaise-en-francais\/\" \/>\n<meta property=\"og:site_name\" content=\"French Tutoring\" \/>\n<meta property=\"article:modified_time\" content=\"2024-11-20T20:54:54+00:00\" \/>\n<script type=\"application\/ld+json\" class=\"yoast-schema-graph\">{\"@context\":\"https:\\\/\\\/schema.org\",\"@graph\":[{\"@type\":\"WebPage\",\"@id\":\"https:\\\/\\\/frenchtutoringlondon.com\\\/fr\\\/la-culture-japonaise-en-francais\\\/\",\"url\":\"https:\\\/\\\/frenchtutoringlondon.com\\\/fr\\\/la-culture-japonaise-en-francais\\\/\",\"name\":\"La culture japonaise en fran\u00e7ais - French Tutoring\",\"isPartOf\":{\"@id\":\"https:\\\/\\\/frenchtutoringlondon.com\\\/fr\\\/#website\"},\"datePublished\":\"2024-10-14T12:59:59+00:00\",\"dateModified\":\"2024-11-20T20:54:54+00:00\",\"description\":\"Culture japonaise en fran\u00e7ais destin\u00e9e aux amoureux du Japon, de l'art, et de ses traditions. C'est aussi un moyen pour les guides ou futurs guides au Japon de se perfectionner, de s'entretenir et d'\u00e9changer en fran\u00e7ais.\",\"breadcrumb\":{\"@id\":\"https:\\\/\\\/frenchtutoringlondon.com\\\/fr\\\/la-culture-japonaise-en-francais\\\/#breadcrumb\"},\"inLanguage\":\"fr-FR\",\"potentialAction\":[{\"@type\":\"ReadAction\",\"target\":[\"https:\\\/\\\/frenchtutoringlondon.com\\\/fr\\\/la-culture-japonaise-en-francais\\\/\"]}]},{\"@type\":\"BreadcrumbList\",\"@id\":\"https:\\\/\\\/frenchtutoringlondon.com\\\/fr\\\/la-culture-japonaise-en-francais\\\/#breadcrumb\",\"itemListElement\":[{\"@type\":\"ListItem\",\"position\":1,\"name\":\"Accueil\",\"item\":\"https:\\\/\\\/frenchtutoringlondon.com\\\/fr\\\/accueil\\\/\"},{\"@type\":\"ListItem\",\"position\":2,\"name\":\"La culture japonaise en fran\u00e7ais\"}]},{\"@type\":\"WebSite\",\"@id\":\"https:\\\/\\\/frenchtutoringlondon.com\\\/fr\\\/#website\",\"url\":\"https:\\\/\\\/frenchtutoringlondon.com\\\/fr\\\/\",\"name\":\"French Tutor\",\"description\":\"London and Online\",\"potentialAction\":[{\"@type\":\"SearchAction\",\"target\":{\"@type\":\"EntryPoint\",\"urlTemplate\":\"https:\\\/\\\/frenchtutoringlondon.com\\\/fr\\\/?s={search_term_string}\"},\"query-input\":{\"@type\":\"PropertyValueSpecification\",\"valueRequired\":true,\"valueName\":\"search_term_string\"}}],\"inLanguage\":\"fr-FR\"}]}<\/script>\n<!-- \/ Yoast SEO plugin. -->","yoast_head_json":{"title":"La culture japonaise en fran\u00e7ais - French Tutoring","description":"Culture japonaise en fran\u00e7ais destin\u00e9e aux amoureux du Japon, de l'art, et de ses traditions. C'est aussi un moyen pour les guides ou futurs guides au Japon de se perfectionner, de s'entretenir et d'\u00e9changer en fran\u00e7ais.","robots":{"index":"index","follow":"follow","max-snippet":"max-snippet:-1","max-image-preview":"max-image-preview:large","max-video-preview":"max-video-preview:-1"},"canonical":"https:\/\/frenchtutoringlondon.com\/fr\/la-culture-japonaise-en-francais\/","og_locale":"fr_FR","og_type":"article","og_title":"La culture japonaise en fran\u00e7ais - French Tutoring","og_description":"Culture japonaise en fran\u00e7ais destin\u00e9e aux amoureux du Japon, de l'art, et de ses traditions. C'est aussi un moyen pour les guides ou futurs guides au Japon de se perfectionner, de s'entretenir et d'\u00e9changer en fran\u00e7ais.","og_url":"https:\/\/frenchtutoringlondon.com\/fr\/la-culture-japonaise-en-francais\/","og_site_name":"French Tutoring","article_modified_time":"2024-11-20T20:54:54+00:00","schema":{"@context":"https:\/\/schema.org","@graph":[{"@type":"WebPage","@id":"https:\/\/frenchtutoringlondon.com\/fr\/la-culture-japonaise-en-francais\/","url":"https:\/\/frenchtutoringlondon.com\/fr\/la-culture-japonaise-en-francais\/","name":"La culture japonaise en fran\u00e7ais - French Tutoring","isPartOf":{"@id":"https:\/\/frenchtutoringlondon.com\/fr\/#website"},"datePublished":"2024-10-14T12:59:59+00:00","dateModified":"2024-11-20T20:54:54+00:00","description":"Culture japonaise en fran\u00e7ais destin\u00e9e aux amoureux du Japon, de l'art, et de ses traditions. C'est aussi un moyen pour les guides ou futurs guides au Japon de se perfectionner, de s'entretenir et d'\u00e9changer en fran\u00e7ais.","breadcrumb":{"@id":"https:\/\/frenchtutoringlondon.com\/fr\/la-culture-japonaise-en-francais\/#breadcrumb"},"inLanguage":"fr-FR","potentialAction":[{"@type":"ReadAction","target":["https:\/\/frenchtutoringlondon.com\/fr\/la-culture-japonaise-en-francais\/"]}]},{"@type":"BreadcrumbList","@id":"https:\/\/frenchtutoringlondon.com\/fr\/la-culture-japonaise-en-francais\/#breadcrumb","itemListElement":[{"@type":"ListItem","position":1,"name":"Accueil","item":"https:\/\/frenchtutoringlondon.com\/fr\/accueil\/"},{"@type":"ListItem","position":2,"name":"La culture japonaise en fran\u00e7ais"}]},{"@type":"WebSite","@id":"https:\/\/frenchtutoringlondon.com\/fr\/#website","url":"https:\/\/frenchtutoringlondon.com\/fr\/","name":"French Tutor","description":"London and Online","potentialAction":[{"@type":"SearchAction","target":{"@type":"EntryPoint","urlTemplate":"https:\/\/frenchtutoringlondon.com\/fr\/?s={search_term_string}"},"query-input":{"@type":"PropertyValueSpecification","valueRequired":true,"valueName":"search_term_string"}}],"inLanguage":"fr-FR"}]}},"_links":{"self":[{"href":"https:\/\/frenchtutoringlondon.com\/fr\/wp-json\/wp\/v2\/pages\/1252","targetHints":{"allow":["GET"]}}],"collection":[{"href":"https:\/\/frenchtutoringlondon.com\/fr\/wp-json\/wp\/v2\/pages"}],"about":[{"href":"https:\/\/frenchtutoringlondon.com\/fr\/wp-json\/wp\/v2\/types\/page"}],"author":[{"embeddable":true,"href":"https:\/\/frenchtutoringlondon.com\/fr\/wp-json\/wp\/v2\/users\/1"}],"replies":[{"embeddable":true,"href":"https:\/\/frenchtutoringlondon.com\/fr\/wp-json\/wp\/v2\/comments?post=1252"}],"version-history":[{"count":1,"href":"https:\/\/frenchtutoringlondon.com\/fr\/wp-json\/wp\/v2\/pages\/1252\/revisions"}],"predecessor-version":[{"id":1487,"href":"https:\/\/frenchtutoringlondon.com\/fr\/wp-json\/wp\/v2\/pages\/1252\/revisions\/1487"}],"wp:attachment":[{"href":"https:\/\/frenchtutoringlondon.com\/fr\/wp-json\/wp\/v2\/media?parent=1252"}],"curies":[{"name":"wp","href":"https:\/\/api.w.org\/{rel}","templated":true}]}}