{"id":1246,"date":"2024-10-11T18:20:26","date_gmt":"2024-10-11T18:20:26","guid":{"rendered":"https:\/\/frenchtutoringlondon.com\/delf-dalf\/"},"modified":"2024-12-05T15:08:26","modified_gmt":"2024-12-05T15:08:26","slug":"delf-dalf","status":"publish","type":"page","link":"https:\/\/frenchtutoringlondon.com\/fr\/delf-dalf\/","title":{"rendered":"DELF DALF"},"content":{"rendered":"","protected":false},"excerpt":{"rendered":"","protected":false},"author":1,"featured_media":0,"parent":0,"menu_order":0,"comment_status":"closed","ping_status":"closed","template":"","meta":{"footnotes":""},"class_list":["post-1246","page","type-page","status-publish","hentry"],"yoast_head":"<!-- This site is optimized with the Yoast SEO plugin v27.3 - https:\/\/yoast.com\/product\/yoast-seo-wordpress\/ -->\n<title>DELF DALF - French Tutoring<\/title>\n<meta name=\"description\" content=\"Nous vous entra\u00eenons aux tests selon les niveaux DELF ou DALF avec des activit\u00e9s de compr\u00e9hension \u00e9crite, de compr\u00e9hension orale, de production \u00e9crite et de production orale gr\u00e2ce \u00e0 des exercices de grammaire, de syntaxe, de lexique et d&#039;expression orale.\" \/>\n<meta name=\"robots\" content=\"index, follow, max-snippet:-1, max-image-preview:large, max-video-preview:-1\" \/>\n<link rel=\"canonical\" href=\"https:\/\/frenchtutoringlondon.com\/fr\/delf-dalf\/\" \/>\n<meta property=\"og:locale\" content=\"fr_FR\" \/>\n<meta property=\"og:type\" content=\"article\" \/>\n<meta property=\"og:title\" content=\"DELF DALF - French Tutoring\" \/>\n<meta property=\"og:description\" content=\"Nous vous entra\u00eenons aux tests selon les niveaux DELF ou DALF avec des activit\u00e9s de compr\u00e9hension \u00e9crite, de compr\u00e9hension orale, de production \u00e9crite et de production orale gr\u00e2ce \u00e0 des exercices de grammaire, de syntaxe, de lexique et d&#039;expression orale.\" \/>\n<meta property=\"og:url\" content=\"https:\/\/frenchtutoringlondon.com\/fr\/delf-dalf\/\" \/>\n<meta property=\"og:site_name\" content=\"French Tutoring\" \/>\n<meta property=\"article:modified_time\" content=\"2024-12-05T15:08:26+00:00\" \/>\n<script type=\"application\/ld+json\" class=\"yoast-schema-graph\">{\"@context\":\"https:\\\/\\\/schema.org\",\"@graph\":[{\"@type\":\"WebPage\",\"@id\":\"https:\\\/\\\/frenchtutoringlondon.com\\\/fr\\\/delf-dalf\\\/\",\"url\":\"https:\\\/\\\/frenchtutoringlondon.com\\\/fr\\\/delf-dalf\\\/\",\"name\":\"DELF DALF - French Tutoring\",\"isPartOf\":{\"@id\":\"https:\\\/\\\/frenchtutoringlondon.com\\\/fr\\\/#website\"},\"datePublished\":\"2024-10-11T18:20:26+00:00\",\"dateModified\":\"2024-12-05T15:08:26+00:00\",\"description\":\"Nous vous entra\u00eenons aux tests selon les niveaux DELF ou DALF avec des activit\u00e9s de compr\u00e9hension \u00e9crite, de compr\u00e9hension orale, de production \u00e9crite et de production orale gr\u00e2ce \u00e0 des exercices de grammaire, de syntaxe, de lexique et d'expression orale.\",\"breadcrumb\":{\"@id\":\"https:\\\/\\\/frenchtutoringlondon.com\\\/fr\\\/delf-dalf\\\/#breadcrumb\"},\"inLanguage\":\"fr-FR\",\"potentialAction\":[{\"@type\":\"ReadAction\",\"target\":[\"https:\\\/\\\/frenchtutoringlondon.com\\\/fr\\\/delf-dalf\\\/\"]}]},{\"@type\":\"BreadcrumbList\",\"@id\":\"https:\\\/\\\/frenchtutoringlondon.com\\\/fr\\\/delf-dalf\\\/#breadcrumb\",\"itemListElement\":[{\"@type\":\"ListItem\",\"position\":1,\"name\":\"Accueil\",\"item\":\"https:\\\/\\\/frenchtutoringlondon.com\\\/fr\\\/accueil\\\/\"},{\"@type\":\"ListItem\",\"position\":2,\"name\":\"DELF DALF\"}]},{\"@type\":\"WebSite\",\"@id\":\"https:\\\/\\\/frenchtutoringlondon.com\\\/fr\\\/#website\",\"url\":\"https:\\\/\\\/frenchtutoringlondon.com\\\/fr\\\/\",\"name\":\"French Tutor\",\"description\":\"London and Online\",\"potentialAction\":[{\"@type\":\"SearchAction\",\"target\":{\"@type\":\"EntryPoint\",\"urlTemplate\":\"https:\\\/\\\/frenchtutoringlondon.com\\\/fr\\\/?s={search_term_string}\"},\"query-input\":{\"@type\":\"PropertyValueSpecification\",\"valueRequired\":true,\"valueName\":\"search_term_string\"}}],\"inLanguage\":\"fr-FR\"}]}<\/script>\n<!-- \/ Yoast SEO plugin. -->","yoast_head_json":{"title":"DELF DALF - French Tutoring","description":"Nous vous entra\u00eenons aux tests selon les niveaux DELF ou DALF avec des activit\u00e9s de compr\u00e9hension \u00e9crite, de compr\u00e9hension orale, de production \u00e9crite et de production orale gr\u00e2ce \u00e0 des exercices de grammaire, de syntaxe, de lexique et d'expression orale.","robots":{"index":"index","follow":"follow","max-snippet":"max-snippet:-1","max-image-preview":"max-image-preview:large","max-video-preview":"max-video-preview:-1"},"canonical":"https:\/\/frenchtutoringlondon.com\/fr\/delf-dalf\/","og_locale":"fr_FR","og_type":"article","og_title":"DELF DALF - French Tutoring","og_description":"Nous vous entra\u00eenons aux tests selon les niveaux DELF ou DALF avec des activit\u00e9s de compr\u00e9hension \u00e9crite, de compr\u00e9hension orale, de production \u00e9crite et de production orale gr\u00e2ce \u00e0 des exercices de grammaire, de syntaxe, de lexique et d'expression orale.","og_url":"https:\/\/frenchtutoringlondon.com\/fr\/delf-dalf\/","og_site_name":"French Tutoring","article_modified_time":"2024-12-05T15:08:26+00:00","schema":{"@context":"https:\/\/schema.org","@graph":[{"@type":"WebPage","@id":"https:\/\/frenchtutoringlondon.com\/fr\/delf-dalf\/","url":"https:\/\/frenchtutoringlondon.com\/fr\/delf-dalf\/","name":"DELF DALF - French Tutoring","isPartOf":{"@id":"https:\/\/frenchtutoringlondon.com\/fr\/#website"},"datePublished":"2024-10-11T18:20:26+00:00","dateModified":"2024-12-05T15:08:26+00:00","description":"Nous vous entra\u00eenons aux tests selon les niveaux DELF ou DALF avec des activit\u00e9s de compr\u00e9hension \u00e9crite, de compr\u00e9hension orale, de production \u00e9crite et de production orale gr\u00e2ce \u00e0 des exercices de grammaire, de syntaxe, de lexique et d'expression orale.","breadcrumb":{"@id":"https:\/\/frenchtutoringlondon.com\/fr\/delf-dalf\/#breadcrumb"},"inLanguage":"fr-FR","potentialAction":[{"@type":"ReadAction","target":["https:\/\/frenchtutoringlondon.com\/fr\/delf-dalf\/"]}]},{"@type":"BreadcrumbList","@id":"https:\/\/frenchtutoringlondon.com\/fr\/delf-dalf\/#breadcrumb","itemListElement":[{"@type":"ListItem","position":1,"name":"Accueil","item":"https:\/\/frenchtutoringlondon.com\/fr\/accueil\/"},{"@type":"ListItem","position":2,"name":"DELF DALF"}]},{"@type":"WebSite","@id":"https:\/\/frenchtutoringlondon.com\/fr\/#website","url":"https:\/\/frenchtutoringlondon.com\/fr\/","name":"French Tutor","description":"London and Online","potentialAction":[{"@type":"SearchAction","target":{"@type":"EntryPoint","urlTemplate":"https:\/\/frenchtutoringlondon.com\/fr\/?s={search_term_string}"},"query-input":{"@type":"PropertyValueSpecification","valueRequired":true,"valueName":"search_term_string"}}],"inLanguage":"fr-FR"}]}},"_links":{"self":[{"href":"https:\/\/frenchtutoringlondon.com\/fr\/wp-json\/wp\/v2\/pages\/1246","targetHints":{"allow":["GET"]}}],"collection":[{"href":"https:\/\/frenchtutoringlondon.com\/fr\/wp-json\/wp\/v2\/pages"}],"about":[{"href":"https:\/\/frenchtutoringlondon.com\/fr\/wp-json\/wp\/v2\/types\/page"}],"author":[{"embeddable":true,"href":"https:\/\/frenchtutoringlondon.com\/fr\/wp-json\/wp\/v2\/users\/1"}],"replies":[{"embeddable":true,"href":"https:\/\/frenchtutoringlondon.com\/fr\/wp-json\/wp\/v2\/comments?post=1246"}],"version-history":[{"count":4,"href":"https:\/\/frenchtutoringlondon.com\/fr\/wp-json\/wp\/v2\/pages\/1246\/revisions"}],"predecessor-version":[{"id":1525,"href":"https:\/\/frenchtutoringlondon.com\/fr\/wp-json\/wp\/v2\/pages\/1246\/revisions\/1525"}],"wp:attachment":[{"href":"https:\/\/frenchtutoringlondon.com\/fr\/wp-json\/wp\/v2\/media?parent=1246"}],"curies":[{"name":"wp","href":"https:\/\/api.w.org\/{rel}","templated":true}]}}