{"id":1245,"date":"2024-10-11T18:16:21","date_gmt":"2024-10-11T18:16:21","guid":{"rendered":"https:\/\/frenchtutoringlondon.com\/gcse\/"},"modified":"2024-12-03T16:52:14","modified_gmt":"2024-12-03T16:52:14","slug":"gcse","status":"publish","type":"page","link":"https:\/\/frenchtutoringlondon.com\/fr\/gcse\/","title":{"rendered":"GCSE"},"content":{"rendered":"","protected":false},"excerpt":{"rendered":"","protected":false},"author":1,"featured_media":0,"parent":0,"menu_order":0,"comment_status":"closed","ping_status":"closed","template":"","meta":{"footnotes":""},"class_list":["post-1245","page","type-page","status-publish","hentry"],"yoast_head":"<!-- This site is optimized with the Yoast SEO plugin v27.3 - https:\/\/yoast.com\/product\/yoast-seo-wordpress\/ -->\n<title>GCSE - French Tutoring<\/title>\n<meta name=\"description\" content=\"Nous proposons des cours particuliers pour les jeunes apprenants \u00e0 partir de 11 ans, soit pour prendre une longueur d&#039;avance en fran\u00e7ais, soit pour pr\u00e9parer leur GCSE dans tous les domaines d&#039;examen, y compris AQA, CIE, OCR et Edexcel.\" \/>\n<meta name=\"robots\" content=\"index, follow, max-snippet:-1, max-image-preview:large, max-video-preview:-1\" \/>\n<link rel=\"canonical\" href=\"https:\/\/frenchtutoringlondon.com\/fr\/gcse\/\" \/>\n<meta property=\"og:locale\" content=\"fr_FR\" \/>\n<meta property=\"og:type\" content=\"article\" \/>\n<meta property=\"og:title\" content=\"GCSE - French Tutoring\" \/>\n<meta property=\"og:description\" content=\"Nous proposons des cours particuliers pour les jeunes apprenants \u00e0 partir de 11 ans, soit pour prendre une longueur d&#039;avance en fran\u00e7ais, soit pour pr\u00e9parer leur GCSE dans tous les domaines d&#039;examen, y compris AQA, CIE, OCR et Edexcel.\" \/>\n<meta property=\"og:url\" content=\"https:\/\/frenchtutoringlondon.com\/fr\/gcse\/\" \/>\n<meta property=\"og:site_name\" content=\"French Tutoring\" \/>\n<meta property=\"article:modified_time\" content=\"2024-12-03T16:52:14+00:00\" \/>\n<script type=\"application\/ld+json\" class=\"yoast-schema-graph\">{\"@context\":\"https:\\\/\\\/schema.org\",\"@graph\":[{\"@type\":\"WebPage\",\"@id\":\"https:\\\/\\\/frenchtutoringlondon.com\\\/fr\\\/gcse\\\/\",\"url\":\"https:\\\/\\\/frenchtutoringlondon.com\\\/fr\\\/gcse\\\/\",\"name\":\"GCSE - French Tutoring\",\"isPartOf\":{\"@id\":\"https:\\\/\\\/frenchtutoringlondon.com\\\/fr\\\/#website\"},\"datePublished\":\"2024-10-11T18:16:21+00:00\",\"dateModified\":\"2024-12-03T16:52:14+00:00\",\"description\":\"Nous proposons des cours particuliers pour les jeunes apprenants \u00e0 partir de 11 ans, soit pour prendre une longueur d'avance en fran\u00e7ais, soit pour pr\u00e9parer leur GCSE dans tous les domaines d'examen, y compris AQA, CIE, OCR et Edexcel.\",\"breadcrumb\":{\"@id\":\"https:\\\/\\\/frenchtutoringlondon.com\\\/fr\\\/gcse\\\/#breadcrumb\"},\"inLanguage\":\"fr-FR\",\"potentialAction\":[{\"@type\":\"ReadAction\",\"target\":[\"https:\\\/\\\/frenchtutoringlondon.com\\\/fr\\\/gcse\\\/\"]}]},{\"@type\":\"BreadcrumbList\",\"@id\":\"https:\\\/\\\/frenchtutoringlondon.com\\\/fr\\\/gcse\\\/#breadcrumb\",\"itemListElement\":[{\"@type\":\"ListItem\",\"position\":1,\"name\":\"Accueil\",\"item\":\"https:\\\/\\\/frenchtutoringlondon.com\\\/fr\\\/accueil\\\/\"},{\"@type\":\"ListItem\",\"position\":2,\"name\":\"GCSE\"}]},{\"@type\":\"WebSite\",\"@id\":\"https:\\\/\\\/frenchtutoringlondon.com\\\/fr\\\/#website\",\"url\":\"https:\\\/\\\/frenchtutoringlondon.com\\\/fr\\\/\",\"name\":\"French Tutor\",\"description\":\"London and Online\",\"potentialAction\":[{\"@type\":\"SearchAction\",\"target\":{\"@type\":\"EntryPoint\",\"urlTemplate\":\"https:\\\/\\\/frenchtutoringlondon.com\\\/fr\\\/?s={search_term_string}\"},\"query-input\":{\"@type\":\"PropertyValueSpecification\",\"valueRequired\":true,\"valueName\":\"search_term_string\"}}],\"inLanguage\":\"fr-FR\"}]}<\/script>\n<!-- \/ Yoast SEO plugin. -->","yoast_head_json":{"title":"GCSE - French Tutoring","description":"Nous proposons des cours particuliers pour les jeunes apprenants \u00e0 partir de 11 ans, soit pour prendre une longueur d'avance en fran\u00e7ais, soit pour pr\u00e9parer leur GCSE dans tous les domaines d'examen, y compris AQA, CIE, OCR et Edexcel.","robots":{"index":"index","follow":"follow","max-snippet":"max-snippet:-1","max-image-preview":"max-image-preview:large","max-video-preview":"max-video-preview:-1"},"canonical":"https:\/\/frenchtutoringlondon.com\/fr\/gcse\/","og_locale":"fr_FR","og_type":"article","og_title":"GCSE - French Tutoring","og_description":"Nous proposons des cours particuliers pour les jeunes apprenants \u00e0 partir de 11 ans, soit pour prendre une longueur d'avance en fran\u00e7ais, soit pour pr\u00e9parer leur GCSE dans tous les domaines d'examen, y compris AQA, CIE, OCR et Edexcel.","og_url":"https:\/\/frenchtutoringlondon.com\/fr\/gcse\/","og_site_name":"French Tutoring","article_modified_time":"2024-12-03T16:52:14+00:00","schema":{"@context":"https:\/\/schema.org","@graph":[{"@type":"WebPage","@id":"https:\/\/frenchtutoringlondon.com\/fr\/gcse\/","url":"https:\/\/frenchtutoringlondon.com\/fr\/gcse\/","name":"GCSE - French Tutoring","isPartOf":{"@id":"https:\/\/frenchtutoringlondon.com\/fr\/#website"},"datePublished":"2024-10-11T18:16:21+00:00","dateModified":"2024-12-03T16:52:14+00:00","description":"Nous proposons des cours particuliers pour les jeunes apprenants \u00e0 partir de 11 ans, soit pour prendre une longueur d'avance en fran\u00e7ais, soit pour pr\u00e9parer leur GCSE dans tous les domaines d'examen, y compris AQA, CIE, OCR et Edexcel.","breadcrumb":{"@id":"https:\/\/frenchtutoringlondon.com\/fr\/gcse\/#breadcrumb"},"inLanguage":"fr-FR","potentialAction":[{"@type":"ReadAction","target":["https:\/\/frenchtutoringlondon.com\/fr\/gcse\/"]}]},{"@type":"BreadcrumbList","@id":"https:\/\/frenchtutoringlondon.com\/fr\/gcse\/#breadcrumb","itemListElement":[{"@type":"ListItem","position":1,"name":"Accueil","item":"https:\/\/frenchtutoringlondon.com\/fr\/accueil\/"},{"@type":"ListItem","position":2,"name":"GCSE"}]},{"@type":"WebSite","@id":"https:\/\/frenchtutoringlondon.com\/fr\/#website","url":"https:\/\/frenchtutoringlondon.com\/fr\/","name":"French Tutor","description":"London and Online","potentialAction":[{"@type":"SearchAction","target":{"@type":"EntryPoint","urlTemplate":"https:\/\/frenchtutoringlondon.com\/fr\/?s={search_term_string}"},"query-input":{"@type":"PropertyValueSpecification","valueRequired":true,"valueName":"search_term_string"}}],"inLanguage":"fr-FR"}]}},"_links":{"self":[{"href":"https:\/\/frenchtutoringlondon.com\/fr\/wp-json\/wp\/v2\/pages\/1245","targetHints":{"allow":["GET"]}}],"collection":[{"href":"https:\/\/frenchtutoringlondon.com\/fr\/wp-json\/wp\/v2\/pages"}],"about":[{"href":"https:\/\/frenchtutoringlondon.com\/fr\/wp-json\/wp\/v2\/types\/page"}],"author":[{"embeddable":true,"href":"https:\/\/frenchtutoringlondon.com\/fr\/wp-json\/wp\/v2\/users\/1"}],"replies":[{"embeddable":true,"href":"https:\/\/frenchtutoringlondon.com\/fr\/wp-json\/wp\/v2\/comments?post=1245"}],"version-history":[{"count":1,"href":"https:\/\/frenchtutoringlondon.com\/fr\/wp-json\/wp\/v2\/pages\/1245\/revisions"}],"predecessor-version":[{"id":1486,"href":"https:\/\/frenchtutoringlondon.com\/fr\/wp-json\/wp\/v2\/pages\/1245\/revisions\/1486"}],"wp:attachment":[{"href":"https:\/\/frenchtutoringlondon.com\/fr\/wp-json\/wp\/v2\/media?parent=1245"}],"curies":[{"name":"wp","href":"https:\/\/api.w.org\/{rel}","templated":true}]}}