{"id":1244,"date":"2024-10-11T16:09:47","date_gmt":"2024-10-11T16:09:47","guid":{"rendered":"https:\/\/frenchtutoringlondon.com\/lecon-de-conversation-en-francais\/"},"modified":"2024-12-05T15:09:46","modified_gmt":"2024-12-05T15:09:46","slug":"lecon-de-conversation-en-francais","status":"publish","type":"page","link":"https:\/\/frenchtutoringlondon.com\/fr\/lecon-de-conversation-en-francais\/","title":{"rendered":"Le\u00e7on de conversation en fran\u00e7ais"},"content":{"rendered":"","protected":false},"excerpt":{"rendered":"","protected":false},"author":1,"featured_media":0,"parent":0,"menu_order":0,"comment_status":"closed","ping_status":"closed","template":"","meta":{"footnotes":""},"class_list":["post-1244","page","type-page","status-publish","hentry"],"yoast_head":"<!-- This site is optimized with the Yoast SEO plugin v27.3 - https:\/\/yoast.com\/product\/yoast-seo-wordpress\/ -->\n<title>Le\u00e7on de conversation en fran\u00e7ais - French Tutoring<\/title>\n<meta name=\"description\" content=\"Le\u00e7on de conversation fran\u00e7aise pour apprendre \u00e0 s&#039;exprimer et \u00e0 \u00e9changer avec naturel et spontan\u00e9it\u00e9 sur les th\u00e8mes de la vie quotidienne et culturelle, niveau A2-C1.\" \/>\n<meta name=\"robots\" content=\"index, follow, max-snippet:-1, max-image-preview:large, max-video-preview:-1\" \/>\n<link rel=\"canonical\" href=\"https:\/\/frenchtutoringlondon.com\/fr\/lecon-de-conversation-en-francais\/\" \/>\n<meta property=\"og:locale\" content=\"fr_FR\" \/>\n<meta property=\"og:type\" content=\"article\" \/>\n<meta property=\"og:title\" content=\"Le\u00e7on de conversation en fran\u00e7ais - French Tutoring\" \/>\n<meta property=\"og:description\" content=\"Le\u00e7on de conversation fran\u00e7aise pour apprendre \u00e0 s&#039;exprimer et \u00e0 \u00e9changer avec naturel et spontan\u00e9it\u00e9 sur les th\u00e8mes de la vie quotidienne et culturelle, niveau A2-C1.\" \/>\n<meta property=\"og:url\" content=\"https:\/\/frenchtutoringlondon.com\/fr\/lecon-de-conversation-en-francais\/\" \/>\n<meta property=\"og:site_name\" content=\"French Tutoring\" \/>\n<meta property=\"article:modified_time\" content=\"2024-12-05T15:09:46+00:00\" \/>\n<script type=\"application\/ld+json\" class=\"yoast-schema-graph\">{\"@context\":\"https:\\\/\\\/schema.org\",\"@graph\":[{\"@type\":\"WebPage\",\"@id\":\"https:\\\/\\\/frenchtutoringlondon.com\\\/fr\\\/lecon-de-conversation-en-francais\\\/\",\"url\":\"https:\\\/\\\/frenchtutoringlondon.com\\\/fr\\\/lecon-de-conversation-en-francais\\\/\",\"name\":\"Le\u00e7on de conversation en fran\u00e7ais - French Tutoring\",\"isPartOf\":{\"@id\":\"https:\\\/\\\/frenchtutoringlondon.com\\\/fr\\\/#website\"},\"datePublished\":\"2024-10-11T16:09:47+00:00\",\"dateModified\":\"2024-12-05T15:09:46+00:00\",\"description\":\"Le\u00e7on de conversation fran\u00e7aise pour apprendre \u00e0 s'exprimer et \u00e0 \u00e9changer avec naturel et spontan\u00e9it\u00e9 sur les th\u00e8mes de la vie quotidienne et culturelle, niveau A2-C1.\",\"breadcrumb\":{\"@id\":\"https:\\\/\\\/frenchtutoringlondon.com\\\/fr\\\/lecon-de-conversation-en-francais\\\/#breadcrumb\"},\"inLanguage\":\"fr-FR\",\"potentialAction\":[{\"@type\":\"ReadAction\",\"target\":[\"https:\\\/\\\/frenchtutoringlondon.com\\\/fr\\\/lecon-de-conversation-en-francais\\\/\"]}]},{\"@type\":\"BreadcrumbList\",\"@id\":\"https:\\\/\\\/frenchtutoringlondon.com\\\/fr\\\/lecon-de-conversation-en-francais\\\/#breadcrumb\",\"itemListElement\":[{\"@type\":\"ListItem\",\"position\":1,\"name\":\"Accueil\",\"item\":\"https:\\\/\\\/frenchtutoringlondon.com\\\/fr\\\/accueil\\\/\"},{\"@type\":\"ListItem\",\"position\":2,\"name\":\"Le\u00e7on de conversation en fran\u00e7ais\"}]},{\"@type\":\"WebSite\",\"@id\":\"https:\\\/\\\/frenchtutoringlondon.com\\\/fr\\\/#website\",\"url\":\"https:\\\/\\\/frenchtutoringlondon.com\\\/fr\\\/\",\"name\":\"French Tutor\",\"description\":\"London and Online\",\"potentialAction\":[{\"@type\":\"SearchAction\",\"target\":{\"@type\":\"EntryPoint\",\"urlTemplate\":\"https:\\\/\\\/frenchtutoringlondon.com\\\/fr\\\/?s={search_term_string}\"},\"query-input\":{\"@type\":\"PropertyValueSpecification\",\"valueRequired\":true,\"valueName\":\"search_term_string\"}}],\"inLanguage\":\"fr-FR\"}]}<\/script>\n<!-- \/ Yoast SEO plugin. -->","yoast_head_json":{"title":"Le\u00e7on de conversation en fran\u00e7ais - French Tutoring","description":"Le\u00e7on de conversation fran\u00e7aise pour apprendre \u00e0 s'exprimer et \u00e0 \u00e9changer avec naturel et spontan\u00e9it\u00e9 sur les th\u00e8mes de la vie quotidienne et culturelle, niveau A2-C1.","robots":{"index":"index","follow":"follow","max-snippet":"max-snippet:-1","max-image-preview":"max-image-preview:large","max-video-preview":"max-video-preview:-1"},"canonical":"https:\/\/frenchtutoringlondon.com\/fr\/lecon-de-conversation-en-francais\/","og_locale":"fr_FR","og_type":"article","og_title":"Le\u00e7on de conversation en fran\u00e7ais - French Tutoring","og_description":"Le\u00e7on de conversation fran\u00e7aise pour apprendre \u00e0 s'exprimer et \u00e0 \u00e9changer avec naturel et spontan\u00e9it\u00e9 sur les th\u00e8mes de la vie quotidienne et culturelle, niveau A2-C1.","og_url":"https:\/\/frenchtutoringlondon.com\/fr\/lecon-de-conversation-en-francais\/","og_site_name":"French Tutoring","article_modified_time":"2024-12-05T15:09:46+00:00","schema":{"@context":"https:\/\/schema.org","@graph":[{"@type":"WebPage","@id":"https:\/\/frenchtutoringlondon.com\/fr\/lecon-de-conversation-en-francais\/","url":"https:\/\/frenchtutoringlondon.com\/fr\/lecon-de-conversation-en-francais\/","name":"Le\u00e7on de conversation en fran\u00e7ais - French Tutoring","isPartOf":{"@id":"https:\/\/frenchtutoringlondon.com\/fr\/#website"},"datePublished":"2024-10-11T16:09:47+00:00","dateModified":"2024-12-05T15:09:46+00:00","description":"Le\u00e7on de conversation fran\u00e7aise pour apprendre \u00e0 s'exprimer et \u00e0 \u00e9changer avec naturel et spontan\u00e9it\u00e9 sur les th\u00e8mes de la vie quotidienne et culturelle, niveau A2-C1.","breadcrumb":{"@id":"https:\/\/frenchtutoringlondon.com\/fr\/lecon-de-conversation-en-francais\/#breadcrumb"},"inLanguage":"fr-FR","potentialAction":[{"@type":"ReadAction","target":["https:\/\/frenchtutoringlondon.com\/fr\/lecon-de-conversation-en-francais\/"]}]},{"@type":"BreadcrumbList","@id":"https:\/\/frenchtutoringlondon.com\/fr\/lecon-de-conversation-en-francais\/#breadcrumb","itemListElement":[{"@type":"ListItem","position":1,"name":"Accueil","item":"https:\/\/frenchtutoringlondon.com\/fr\/accueil\/"},{"@type":"ListItem","position":2,"name":"Le\u00e7on de conversation en fran\u00e7ais"}]},{"@type":"WebSite","@id":"https:\/\/frenchtutoringlondon.com\/fr\/#website","url":"https:\/\/frenchtutoringlondon.com\/fr\/","name":"French Tutor","description":"London and Online","potentialAction":[{"@type":"SearchAction","target":{"@type":"EntryPoint","urlTemplate":"https:\/\/frenchtutoringlondon.com\/fr\/?s={search_term_string}"},"query-input":{"@type":"PropertyValueSpecification","valueRequired":true,"valueName":"search_term_string"}}],"inLanguage":"fr-FR"}]}},"_links":{"self":[{"href":"https:\/\/frenchtutoringlondon.com\/fr\/wp-json\/wp\/v2\/pages\/1244","targetHints":{"allow":["GET"]}}],"collection":[{"href":"https:\/\/frenchtutoringlondon.com\/fr\/wp-json\/wp\/v2\/pages"}],"about":[{"href":"https:\/\/frenchtutoringlondon.com\/fr\/wp-json\/wp\/v2\/types\/page"}],"author":[{"embeddable":true,"href":"https:\/\/frenchtutoringlondon.com\/fr\/wp-json\/wp\/v2\/users\/1"}],"replies":[{"embeddable":true,"href":"https:\/\/frenchtutoringlondon.com\/fr\/wp-json\/wp\/v2\/comments?post=1244"}],"version-history":[{"count":3,"href":"https:\/\/frenchtutoringlondon.com\/fr\/wp-json\/wp\/v2\/pages\/1244\/revisions"}],"predecessor-version":[{"id":1561,"href":"https:\/\/frenchtutoringlondon.com\/fr\/wp-json\/wp\/v2\/pages\/1244\/revisions\/1561"}],"wp:attachment":[{"href":"https:\/\/frenchtutoringlondon.com\/fr\/wp-json\/wp\/v2\/media?parent=1244"}],"curies":[{"name":"wp","href":"https:\/\/api.w.org\/{rel}","templated":true}]}}