{"id":1228,"date":"2024-10-11T18:29:16","date_gmt":"2024-10-11T18:29:16","guid":{"rendered":"https:\/\/frenchtutoringlondon.com\/a-propos-de\/"},"modified":"2024-11-14T14:39:53","modified_gmt":"2024-11-14T14:39:53","slug":"a-propos-de","status":"publish","type":"page","link":"https:\/\/frenchtutoringlondon.com\/fr\/a-propos-de\/","title":{"rendered":"A propos"},"content":{"rendered":"","protected":false},"excerpt":{"rendered":"","protected":false},"author":1,"featured_media":0,"parent":0,"menu_order":0,"comment_status":"closed","ping_status":"closed","template":"","meta":{"footnotes":""},"class_list":["post-1228","page","type-page","status-publish","hentry"],"yoast_head":"<!-- This site is optimized with the Yoast SEO plugin v27.3 - https:\/\/yoast.com\/product\/yoast-seo-wordpress\/ -->\n<title>A propos - French Tutoring<\/title>\n<meta name=\"description\" content=\"Je m&#039;appelle Catherine et je suis la fondatrice de French Tutoring. Enseignante dipl\u00f4m\u00e9e de langue maternelle, sp\u00e9cialis\u00e9e en ing\u00e9nierie linguistique, j&#039;ai v\u00e9cu et travaill\u00e9 en France, au Japon, en Australie et maintenant au Royaume-Uni. Je suis \u00e9galement parent d&#039;adolescents bilingues et \u00e9ducatrice passionn\u00e9e par l&#039;aide aux \u00e9tudiants de tous \u00e2ges et de tous niveaux en mati\u00e8re de comp\u00e9tences linguistiques.\" \/>\n<meta name=\"robots\" content=\"index, follow, max-snippet:-1, max-image-preview:large, max-video-preview:-1\" \/>\n<link rel=\"canonical\" href=\"https:\/\/frenchtutoringlondon.com\/fr\/a-propos-de\/\" \/>\n<meta property=\"og:locale\" content=\"fr_FR\" \/>\n<meta property=\"og:type\" content=\"article\" \/>\n<meta property=\"og:title\" content=\"A propos - French Tutoring\" \/>\n<meta property=\"og:description\" content=\"Je m&#039;appelle Catherine et je suis la fondatrice de French Tutoring. Enseignante dipl\u00f4m\u00e9e de langue maternelle, sp\u00e9cialis\u00e9e en ing\u00e9nierie linguistique, j&#039;ai v\u00e9cu et travaill\u00e9 en France, au Japon, en Australie et maintenant au Royaume-Uni. Je suis \u00e9galement parent d&#039;adolescents bilingues et \u00e9ducatrice passionn\u00e9e par l&#039;aide aux \u00e9tudiants de tous \u00e2ges et de tous niveaux en mati\u00e8re de comp\u00e9tences linguistiques.\" \/>\n<meta property=\"og:url\" content=\"https:\/\/frenchtutoringlondon.com\/fr\/a-propos-de\/\" \/>\n<meta property=\"og:site_name\" content=\"French Tutoring\" \/>\n<meta property=\"article:modified_time\" content=\"2024-11-14T14:39:53+00:00\" \/>\n<script type=\"application\/ld+json\" class=\"yoast-schema-graph\">{\"@context\":\"https:\\\/\\\/schema.org\",\"@graph\":[{\"@type\":\"WebPage\",\"@id\":\"https:\\\/\\\/frenchtutoringlondon.com\\\/fr\\\/a-propos-de\\\/\",\"url\":\"https:\\\/\\\/frenchtutoringlondon.com\\\/fr\\\/a-propos-de\\\/\",\"name\":\"A propos - French Tutoring\",\"isPartOf\":{\"@id\":\"https:\\\/\\\/frenchtutoringlondon.com\\\/fr\\\/#website\"},\"datePublished\":\"2024-10-11T18:29:16+00:00\",\"dateModified\":\"2024-11-14T14:39:53+00:00\",\"description\":\"Je m'appelle Catherine et je suis la fondatrice de French Tutoring. Enseignante dipl\u00f4m\u00e9e de langue maternelle, sp\u00e9cialis\u00e9e en ing\u00e9nierie linguistique, j'ai v\u00e9cu et travaill\u00e9 en France, au Japon, en Australie et maintenant au Royaume-Uni. Je suis \u00e9galement parent d'adolescents bilingues et \u00e9ducatrice passionn\u00e9e par l'aide aux \u00e9tudiants de tous \u00e2ges et de tous niveaux en mati\u00e8re de comp\u00e9tences linguistiques.\",\"breadcrumb\":{\"@id\":\"https:\\\/\\\/frenchtutoringlondon.com\\\/fr\\\/a-propos-de\\\/#breadcrumb\"},\"inLanguage\":\"fr-FR\",\"potentialAction\":[{\"@type\":\"ReadAction\",\"target\":[\"https:\\\/\\\/frenchtutoringlondon.com\\\/fr\\\/a-propos-de\\\/\"]}]},{\"@type\":\"BreadcrumbList\",\"@id\":\"https:\\\/\\\/frenchtutoringlondon.com\\\/fr\\\/a-propos-de\\\/#breadcrumb\",\"itemListElement\":[{\"@type\":\"ListItem\",\"position\":1,\"name\":\"Accueil\",\"item\":\"https:\\\/\\\/frenchtutoringlondon.com\\\/fr\\\/accueil\\\/\"},{\"@type\":\"ListItem\",\"position\":2,\"name\":\"A propos\"}]},{\"@type\":\"WebSite\",\"@id\":\"https:\\\/\\\/frenchtutoringlondon.com\\\/fr\\\/#website\",\"url\":\"https:\\\/\\\/frenchtutoringlondon.com\\\/fr\\\/\",\"name\":\"French Tutor\",\"description\":\"London and Online\",\"potentialAction\":[{\"@type\":\"SearchAction\",\"target\":{\"@type\":\"EntryPoint\",\"urlTemplate\":\"https:\\\/\\\/frenchtutoringlondon.com\\\/fr\\\/?s={search_term_string}\"},\"query-input\":{\"@type\":\"PropertyValueSpecification\",\"valueRequired\":true,\"valueName\":\"search_term_string\"}}],\"inLanguage\":\"fr-FR\"}]}<\/script>\n<!-- \/ Yoast SEO plugin. -->","yoast_head_json":{"title":"A propos - French Tutoring","description":"Je m'appelle Catherine et je suis la fondatrice de French Tutoring. Enseignante dipl\u00f4m\u00e9e de langue maternelle, sp\u00e9cialis\u00e9e en ing\u00e9nierie linguistique, j'ai v\u00e9cu et travaill\u00e9 en France, au Japon, en Australie et maintenant au Royaume-Uni. Je suis \u00e9galement parent d'adolescents bilingues et \u00e9ducatrice passionn\u00e9e par l'aide aux \u00e9tudiants de tous \u00e2ges et de tous niveaux en mati\u00e8re de comp\u00e9tences linguistiques.","robots":{"index":"index","follow":"follow","max-snippet":"max-snippet:-1","max-image-preview":"max-image-preview:large","max-video-preview":"max-video-preview:-1"},"canonical":"https:\/\/frenchtutoringlondon.com\/fr\/a-propos-de\/","og_locale":"fr_FR","og_type":"article","og_title":"A propos - French Tutoring","og_description":"Je m'appelle Catherine et je suis la fondatrice de French Tutoring. Enseignante dipl\u00f4m\u00e9e de langue maternelle, sp\u00e9cialis\u00e9e en ing\u00e9nierie linguistique, j'ai v\u00e9cu et travaill\u00e9 en France, au Japon, en Australie et maintenant au Royaume-Uni. Je suis \u00e9galement parent d'adolescents bilingues et \u00e9ducatrice passionn\u00e9e par l'aide aux \u00e9tudiants de tous \u00e2ges et de tous niveaux en mati\u00e8re de comp\u00e9tences linguistiques.","og_url":"https:\/\/frenchtutoringlondon.com\/fr\/a-propos-de\/","og_site_name":"French Tutoring","article_modified_time":"2024-11-14T14:39:53+00:00","schema":{"@context":"https:\/\/schema.org","@graph":[{"@type":"WebPage","@id":"https:\/\/frenchtutoringlondon.com\/fr\/a-propos-de\/","url":"https:\/\/frenchtutoringlondon.com\/fr\/a-propos-de\/","name":"A propos - French Tutoring","isPartOf":{"@id":"https:\/\/frenchtutoringlondon.com\/fr\/#website"},"datePublished":"2024-10-11T18:29:16+00:00","dateModified":"2024-11-14T14:39:53+00:00","description":"Je m'appelle Catherine et je suis la fondatrice de French Tutoring. Enseignante dipl\u00f4m\u00e9e de langue maternelle, sp\u00e9cialis\u00e9e en ing\u00e9nierie linguistique, j'ai v\u00e9cu et travaill\u00e9 en France, au Japon, en Australie et maintenant au Royaume-Uni. Je suis \u00e9galement parent d'adolescents bilingues et \u00e9ducatrice passionn\u00e9e par l'aide aux \u00e9tudiants de tous \u00e2ges et de tous niveaux en mati\u00e8re de comp\u00e9tences linguistiques.","breadcrumb":{"@id":"https:\/\/frenchtutoringlondon.com\/fr\/a-propos-de\/#breadcrumb"},"inLanguage":"fr-FR","potentialAction":[{"@type":"ReadAction","target":["https:\/\/frenchtutoringlondon.com\/fr\/a-propos-de\/"]}]},{"@type":"BreadcrumbList","@id":"https:\/\/frenchtutoringlondon.com\/fr\/a-propos-de\/#breadcrumb","itemListElement":[{"@type":"ListItem","position":1,"name":"Accueil","item":"https:\/\/frenchtutoringlondon.com\/fr\/accueil\/"},{"@type":"ListItem","position":2,"name":"A propos"}]},{"@type":"WebSite","@id":"https:\/\/frenchtutoringlondon.com\/fr\/#website","url":"https:\/\/frenchtutoringlondon.com\/fr\/","name":"French Tutor","description":"London and Online","potentialAction":[{"@type":"SearchAction","target":{"@type":"EntryPoint","urlTemplate":"https:\/\/frenchtutoringlondon.com\/fr\/?s={search_term_string}"},"query-input":{"@type":"PropertyValueSpecification","valueRequired":true,"valueName":"search_term_string"}}],"inLanguage":"fr-FR"}]}},"_links":{"self":[{"href":"https:\/\/frenchtutoringlondon.com\/fr\/wp-json\/wp\/v2\/pages\/1228","targetHints":{"allow":["GET"]}}],"collection":[{"href":"https:\/\/frenchtutoringlondon.com\/fr\/wp-json\/wp\/v2\/pages"}],"about":[{"href":"https:\/\/frenchtutoringlondon.com\/fr\/wp-json\/wp\/v2\/types\/page"}],"author":[{"embeddable":true,"href":"https:\/\/frenchtutoringlondon.com\/fr\/wp-json\/wp\/v2\/users\/1"}],"replies":[{"embeddable":true,"href":"https:\/\/frenchtutoringlondon.com\/fr\/wp-json\/wp\/v2\/comments?post=1228"}],"version-history":[{"count":2,"href":"https:\/\/frenchtutoringlondon.com\/fr\/wp-json\/wp\/v2\/pages\/1228\/revisions"}],"predecessor-version":[{"id":1247,"href":"https:\/\/frenchtutoringlondon.com\/fr\/wp-json\/wp\/v2\/pages\/1228\/revisions\/1247"}],"wp:attachment":[{"href":"https:\/\/frenchtutoringlondon.com\/fr\/wp-json\/wp\/v2\/media?parent=1228"}],"curies":[{"name":"wp","href":"https:\/\/api.w.org\/{rel}","templated":true}]}}