{"id":1224,"date":"2024-10-11T15:55:50","date_gmt":"2024-10-11T15:55:50","guid":{"rendered":"https:\/\/frenchtutoringlondon.com\/cours-de-francais\/"},"modified":"2024-12-05T15:07:57","modified_gmt":"2024-12-05T15:07:57","slug":"cours-de-francais","status":"publish","type":"page","link":"https:\/\/frenchtutoringlondon.com\/fr\/cours-de-francais\/","title":{"rendered":"Cours de fran\u00e7ais"},"content":{"rendered":"","protected":false},"excerpt":{"rendered":"","protected":false},"author":1,"featured_media":1120,"parent":0,"menu_order":0,"comment_status":"closed","ping_status":"closed","template":"","meta":{"footnotes":""},"class_list":["post-1224","page","type-page","status-publish","has-post-thumbnail","hentry"],"yoast_head":"<!-- This site is optimized with the Yoast SEO plugin v27.3 - https:\/\/yoast.com\/product\/yoast-seo-wordpress\/ -->\n<title>Cours de fran\u00e7ais - French Tutoring<\/title>\n<meta name=\"description\" content=\"Le cours de fran\u00e7ais est ouvert \u00e0 tous pour construire une base solide des structures de base du fran\u00e7ais tout en apprenant \u00e0 communiquer avec confiance.\" \/>\n<meta name=\"robots\" content=\"index, follow, max-snippet:-1, max-image-preview:large, max-video-preview:-1\" \/>\n<link rel=\"canonical\" href=\"https:\/\/frenchtutoringlondon.com\/fr\/cours-de-francais\/\" \/>\n<meta property=\"og:locale\" content=\"fr_FR\" \/>\n<meta property=\"og:type\" content=\"article\" \/>\n<meta property=\"og:title\" content=\"Cours de fran\u00e7ais - French Tutoring\" \/>\n<meta property=\"og:description\" content=\"Le cours de fran\u00e7ais est ouvert \u00e0 tous pour construire une base solide des structures de base du fran\u00e7ais tout en apprenant \u00e0 communiquer avec confiance.\" \/>\n<meta property=\"og:url\" content=\"https:\/\/frenchtutoringlondon.com\/fr\/cours-de-francais\/\" \/>\n<meta property=\"og:site_name\" content=\"French Tutoring\" \/>\n<meta property=\"article:modified_time\" content=\"2024-12-05T15:07:57+00:00\" \/>\n<meta property=\"og:image\" content=\"https:\/\/frenchtutoringlondon.com\/wp-content\/uploads\/2024\/10\/French-Course-French-Tutoring.webp\" \/>\n\t<meta property=\"og:image:width\" content=\"1704\" \/>\n\t<meta property=\"og:image:height\" content=\"1080\" \/>\n\t<meta property=\"og:image:type\" content=\"image\/webp\" \/>\n<script type=\"application\/ld+json\" class=\"yoast-schema-graph\">{\"@context\":\"https:\\\/\\\/schema.org\",\"@graph\":[{\"@type\":\"WebPage\",\"@id\":\"https:\\\/\\\/frenchtutoringlondon.com\\\/fr\\\/cours-de-francais\\\/\",\"url\":\"https:\\\/\\\/frenchtutoringlondon.com\\\/fr\\\/cours-de-francais\\\/\",\"name\":\"Cours de fran\u00e7ais - French Tutoring\",\"isPartOf\":{\"@id\":\"https:\\\/\\\/frenchtutoringlondon.com\\\/fr\\\/#website\"},\"primaryImageOfPage\":{\"@id\":\"https:\\\/\\\/frenchtutoringlondon.com\\\/fr\\\/cours-de-francais\\\/#primaryimage\"},\"image\":{\"@id\":\"https:\\\/\\\/frenchtutoringlondon.com\\\/fr\\\/cours-de-francais\\\/#primaryimage\"},\"thumbnailUrl\":\"https:\\\/\\\/frenchtutoringlondon.com\\\/wp-content\\\/uploads\\\/2024\\\/10\\\/French-Course-French-Tutoring.webp\",\"datePublished\":\"2024-10-11T15:55:50+00:00\",\"dateModified\":\"2024-12-05T15:07:57+00:00\",\"description\":\"Le cours de fran\u00e7ais est ouvert \u00e0 tous pour construire une base solide des structures de base du fran\u00e7ais tout en apprenant \u00e0 communiquer avec confiance.\",\"breadcrumb\":{\"@id\":\"https:\\\/\\\/frenchtutoringlondon.com\\\/fr\\\/cours-de-francais\\\/#breadcrumb\"},\"inLanguage\":\"fr-FR\",\"potentialAction\":[{\"@type\":\"ReadAction\",\"target\":[\"https:\\\/\\\/frenchtutoringlondon.com\\\/fr\\\/cours-de-francais\\\/\"]}]},{\"@type\":\"ImageObject\",\"inLanguage\":\"fr-FR\",\"@id\":\"https:\\\/\\\/frenchtutoringlondon.com\\\/fr\\\/cours-de-francais\\\/#primaryimage\",\"url\":\"https:\\\/\\\/frenchtutoringlondon.com\\\/wp-content\\\/uploads\\\/2024\\\/10\\\/French-Course-French-Tutoring.webp\",\"contentUrl\":\"https:\\\/\\\/frenchtutoringlondon.com\\\/wp-content\\\/uploads\\\/2024\\\/10\\\/French-Course-French-Tutoring.webp\",\"width\":1704,\"height\":1080,\"caption\":\"French Course\"},{\"@type\":\"BreadcrumbList\",\"@id\":\"https:\\\/\\\/frenchtutoringlondon.com\\\/fr\\\/cours-de-francais\\\/#breadcrumb\",\"itemListElement\":[{\"@type\":\"ListItem\",\"position\":1,\"name\":\"Accueil\",\"item\":\"https:\\\/\\\/frenchtutoringlondon.com\\\/fr\\\/accueil\\\/\"},{\"@type\":\"ListItem\",\"position\":2,\"name\":\"Cours de fran\u00e7ais\"}]},{\"@type\":\"WebSite\",\"@id\":\"https:\\\/\\\/frenchtutoringlondon.com\\\/fr\\\/#website\",\"url\":\"https:\\\/\\\/frenchtutoringlondon.com\\\/fr\\\/\",\"name\":\"French Tutor\",\"description\":\"London and Online\",\"potentialAction\":[{\"@type\":\"SearchAction\",\"target\":{\"@type\":\"EntryPoint\",\"urlTemplate\":\"https:\\\/\\\/frenchtutoringlondon.com\\\/fr\\\/?s={search_term_string}\"},\"query-input\":{\"@type\":\"PropertyValueSpecification\",\"valueRequired\":true,\"valueName\":\"search_term_string\"}}],\"inLanguage\":\"fr-FR\"}]}<\/script>\n<!-- \/ Yoast SEO plugin. -->","yoast_head_json":{"title":"Cours de fran\u00e7ais - French Tutoring","description":"Le cours de fran\u00e7ais est ouvert \u00e0 tous pour construire une base solide des structures de base du fran\u00e7ais tout en apprenant \u00e0 communiquer avec confiance.","robots":{"index":"index","follow":"follow","max-snippet":"max-snippet:-1","max-image-preview":"max-image-preview:large","max-video-preview":"max-video-preview:-1"},"canonical":"https:\/\/frenchtutoringlondon.com\/fr\/cours-de-francais\/","og_locale":"fr_FR","og_type":"article","og_title":"Cours de fran\u00e7ais - French Tutoring","og_description":"Le cours de fran\u00e7ais est ouvert \u00e0 tous pour construire une base solide des structures de base du fran\u00e7ais tout en apprenant \u00e0 communiquer avec confiance.","og_url":"https:\/\/frenchtutoringlondon.com\/fr\/cours-de-francais\/","og_site_name":"French Tutoring","article_modified_time":"2024-12-05T15:07:57+00:00","og_image":[{"width":1704,"height":1080,"url":"https:\/\/frenchtutoringlondon.com\/wp-content\/uploads\/2024\/10\/French-Course-French-Tutoring.webp","type":"image\/webp"}],"schema":{"@context":"https:\/\/schema.org","@graph":[{"@type":"WebPage","@id":"https:\/\/frenchtutoringlondon.com\/fr\/cours-de-francais\/","url":"https:\/\/frenchtutoringlondon.com\/fr\/cours-de-francais\/","name":"Cours de fran\u00e7ais - French Tutoring","isPartOf":{"@id":"https:\/\/frenchtutoringlondon.com\/fr\/#website"},"primaryImageOfPage":{"@id":"https:\/\/frenchtutoringlondon.com\/fr\/cours-de-francais\/#primaryimage"},"image":{"@id":"https:\/\/frenchtutoringlondon.com\/fr\/cours-de-francais\/#primaryimage"},"thumbnailUrl":"https:\/\/frenchtutoringlondon.com\/wp-content\/uploads\/2024\/10\/French-Course-French-Tutoring.webp","datePublished":"2024-10-11T15:55:50+00:00","dateModified":"2024-12-05T15:07:57+00:00","description":"Le cours de fran\u00e7ais est ouvert \u00e0 tous pour construire une base solide des structures de base du fran\u00e7ais tout en apprenant \u00e0 communiquer avec confiance.","breadcrumb":{"@id":"https:\/\/frenchtutoringlondon.com\/fr\/cours-de-francais\/#breadcrumb"},"inLanguage":"fr-FR","potentialAction":[{"@type":"ReadAction","target":["https:\/\/frenchtutoringlondon.com\/fr\/cours-de-francais\/"]}]},{"@type":"ImageObject","inLanguage":"fr-FR","@id":"https:\/\/frenchtutoringlondon.com\/fr\/cours-de-francais\/#primaryimage","url":"https:\/\/frenchtutoringlondon.com\/wp-content\/uploads\/2024\/10\/French-Course-French-Tutoring.webp","contentUrl":"https:\/\/frenchtutoringlondon.com\/wp-content\/uploads\/2024\/10\/French-Course-French-Tutoring.webp","width":1704,"height":1080,"caption":"French Course"},{"@type":"BreadcrumbList","@id":"https:\/\/frenchtutoringlondon.com\/fr\/cours-de-francais\/#breadcrumb","itemListElement":[{"@type":"ListItem","position":1,"name":"Accueil","item":"https:\/\/frenchtutoringlondon.com\/fr\/accueil\/"},{"@type":"ListItem","position":2,"name":"Cours de fran\u00e7ais"}]},{"@type":"WebSite","@id":"https:\/\/frenchtutoringlondon.com\/fr\/#website","url":"https:\/\/frenchtutoringlondon.com\/fr\/","name":"French Tutor","description":"London and Online","potentialAction":[{"@type":"SearchAction","target":{"@type":"EntryPoint","urlTemplate":"https:\/\/frenchtutoringlondon.com\/fr\/?s={search_term_string}"},"query-input":{"@type":"PropertyValueSpecification","valueRequired":true,"valueName":"search_term_string"}}],"inLanguage":"fr-FR"}]}},"_links":{"self":[{"href":"https:\/\/frenchtutoringlondon.com\/fr\/wp-json\/wp\/v2\/pages\/1224","targetHints":{"allow":["GET"]}}],"collection":[{"href":"https:\/\/frenchtutoringlondon.com\/fr\/wp-json\/wp\/v2\/pages"}],"about":[{"href":"https:\/\/frenchtutoringlondon.com\/fr\/wp-json\/wp\/v2\/types\/page"}],"author":[{"embeddable":true,"href":"https:\/\/frenchtutoringlondon.com\/fr\/wp-json\/wp\/v2\/users\/1"}],"replies":[{"embeddable":true,"href":"https:\/\/frenchtutoringlondon.com\/fr\/wp-json\/wp\/v2\/comments?post=1224"}],"version-history":[{"count":1,"href":"https:\/\/frenchtutoringlondon.com\/fr\/wp-json\/wp\/v2\/pages\/1224\/revisions"}],"predecessor-version":[{"id":1232,"href":"https:\/\/frenchtutoringlondon.com\/fr\/wp-json\/wp\/v2\/pages\/1224\/revisions\/1232"}],"wp:featuredmedia":[{"embeddable":true,"href":"https:\/\/frenchtutoringlondon.com\/fr\/wp-json\/wp\/v2\/media\/1120"}],"wp:attachment":[{"href":"https:\/\/frenchtutoringlondon.com\/fr\/wp-json\/wp\/v2\/media?parent=1224"}],"curies":[{"name":"wp","href":"https:\/\/api.w.org\/{rel}","templated":true}]}}