{"id":1216,"date":"2024-10-10T13:43:06","date_gmt":"2024-10-10T13:43:06","guid":{"rendered":"https:\/\/frenchtutoringlondon.com\/accueil\/"},"modified":"2024-12-05T15:03:25","modified_gmt":"2024-12-05T15:03:25","slug":"accueil","status":"publish","type":"page","link":"https:\/\/frenchtutoringlondon.com\/fr\/","title":{"rendered":"Accueil"},"content":{"rendered":"","protected":false},"excerpt":{"rendered":"","protected":false},"author":1,"featured_media":0,"parent":0,"menu_order":0,"comment_status":"closed","ping_status":"closed","template":"","meta":{"footnotes":""},"class_list":["post-1216","page","type-page","status-publish","hentry"],"yoast_head":"<!-- This site is optimized with the Yoast SEO plugin v27.3 - https:\/\/yoast.com\/product\/yoast-seo-wordpress\/ -->\n<title>French Tutoring - Catherine Cornolier<\/title>\n<meta name=\"description\" content=\"Am\u00e9liorez vos comp\u00e9tences en fran\u00e7ais avec un tutorat personnalis\u00e9 en ligne. Un tuteur exp\u00e9riment\u00e9 vous propose des le\u00e7ons attrayantes adapt\u00e9es \u00e0 vos besoins. Apprenez le fran\u00e7ais rapidement et efficacement avec des horaires flexibles\" \/>\n<meta name=\"robots\" content=\"index, follow, max-snippet:-1, max-image-preview:large, max-video-preview:-1\" \/>\n<link rel=\"canonical\" href=\"https:\/\/frenchtutoringlondon.com\/fr\/\" \/>\n<meta property=\"og:locale\" content=\"fr_FR\" \/>\n<meta property=\"og:type\" content=\"article\" \/>\n<meta property=\"og:title\" content=\"French Tutoring - Catherine Cornolier\" \/>\n<meta property=\"og:description\" content=\"Am\u00e9liorez vos comp\u00e9tences en fran\u00e7ais avec un tutorat personnalis\u00e9 en ligne. Un tuteur exp\u00e9riment\u00e9 vous propose des le\u00e7ons attrayantes adapt\u00e9es \u00e0 vos besoins. Apprenez le fran\u00e7ais rapidement et efficacement avec des horaires flexibles\" \/>\n<meta property=\"og:url\" content=\"https:\/\/frenchtutoringlondon.com\/fr\/\" \/>\n<meta property=\"og:site_name\" content=\"French Tutoring\" \/>\n<meta property=\"article:modified_time\" content=\"2024-12-05T15:03:25+00:00\" \/>\n<script type=\"application\/ld+json\" class=\"yoast-schema-graph\">{\"@context\":\"https:\\\/\\\/schema.org\",\"@graph\":[{\"@type\":\"WebPage\",\"@id\":\"https:\\\/\\\/frenchtutoringlondon.com\\\/fr\\\/\",\"url\":\"https:\\\/\\\/frenchtutoringlondon.com\\\/fr\\\/\",\"name\":\"French Tutoring - Catherine Cornolier\",\"isPartOf\":{\"@id\":\"https:\\\/\\\/frenchtutoringlondon.com\\\/fr\\\/#website\"},\"datePublished\":\"2024-10-10T13:43:06+00:00\",\"dateModified\":\"2024-12-05T15:03:25+00:00\",\"description\":\"Am\u00e9liorez vos comp\u00e9tences en fran\u00e7ais avec un tutorat personnalis\u00e9 en ligne. Un tuteur exp\u00e9riment\u00e9 vous propose des le\u00e7ons attrayantes adapt\u00e9es \u00e0 vos besoins. Apprenez le fran\u00e7ais rapidement et efficacement avec des horaires flexibles\",\"breadcrumb\":{\"@id\":\"https:\\\/\\\/frenchtutoringlondon.com\\\/fr\\\/#breadcrumb\"},\"inLanguage\":\"fr-FR\",\"potentialAction\":[{\"@type\":\"ReadAction\",\"target\":[\"https:\\\/\\\/frenchtutoringlondon.com\\\/fr\\\/\"]}]},{\"@type\":\"BreadcrumbList\",\"@id\":\"https:\\\/\\\/frenchtutoringlondon.com\\\/fr\\\/#breadcrumb\",\"itemListElement\":[{\"@type\":\"ListItem\",\"position\":1,\"name\":\"Accueil\",\"item\":\"https:\\\/\\\/frenchtutoringlondon.com\\\/fr\\\/accueil\\\/\"},{\"@type\":\"ListItem\",\"position\":2,\"name\":\"Accueil\"}]},{\"@type\":\"WebSite\",\"@id\":\"https:\\\/\\\/frenchtutoringlondon.com\\\/fr\\\/#website\",\"url\":\"https:\\\/\\\/frenchtutoringlondon.com\\\/fr\\\/\",\"name\":\"French Tutor\",\"description\":\"London and Online\",\"potentialAction\":[{\"@type\":\"SearchAction\",\"target\":{\"@type\":\"EntryPoint\",\"urlTemplate\":\"https:\\\/\\\/frenchtutoringlondon.com\\\/fr\\\/?s={search_term_string}\"},\"query-input\":{\"@type\":\"PropertyValueSpecification\",\"valueRequired\":true,\"valueName\":\"search_term_string\"}}],\"inLanguage\":\"fr-FR\"}]}<\/script>\n<!-- \/ Yoast SEO plugin. -->","yoast_head_json":{"title":"French Tutoring - Catherine Cornolier","description":"Am\u00e9liorez vos comp\u00e9tences en fran\u00e7ais avec un tutorat personnalis\u00e9 en ligne. Un tuteur exp\u00e9riment\u00e9 vous propose des le\u00e7ons attrayantes adapt\u00e9es \u00e0 vos besoins. Apprenez le fran\u00e7ais rapidement et efficacement avec des horaires flexibles","robots":{"index":"index","follow":"follow","max-snippet":"max-snippet:-1","max-image-preview":"max-image-preview:large","max-video-preview":"max-video-preview:-1"},"canonical":"https:\/\/frenchtutoringlondon.com\/fr\/","og_locale":"fr_FR","og_type":"article","og_title":"French Tutoring - Catherine Cornolier","og_description":"Am\u00e9liorez vos comp\u00e9tences en fran\u00e7ais avec un tutorat personnalis\u00e9 en ligne. Un tuteur exp\u00e9riment\u00e9 vous propose des le\u00e7ons attrayantes adapt\u00e9es \u00e0 vos besoins. Apprenez le fran\u00e7ais rapidement et efficacement avec des horaires flexibles","og_url":"https:\/\/frenchtutoringlondon.com\/fr\/","og_site_name":"French Tutoring","article_modified_time":"2024-12-05T15:03:25+00:00","schema":{"@context":"https:\/\/schema.org","@graph":[{"@type":"WebPage","@id":"https:\/\/frenchtutoringlondon.com\/fr\/","url":"https:\/\/frenchtutoringlondon.com\/fr\/","name":"French Tutoring - Catherine Cornolier","isPartOf":{"@id":"https:\/\/frenchtutoringlondon.com\/fr\/#website"},"datePublished":"2024-10-10T13:43:06+00:00","dateModified":"2024-12-05T15:03:25+00:00","description":"Am\u00e9liorez vos comp\u00e9tences en fran\u00e7ais avec un tutorat personnalis\u00e9 en ligne. Un tuteur exp\u00e9riment\u00e9 vous propose des le\u00e7ons attrayantes adapt\u00e9es \u00e0 vos besoins. Apprenez le fran\u00e7ais rapidement et efficacement avec des horaires flexibles","breadcrumb":{"@id":"https:\/\/frenchtutoringlondon.com\/fr\/#breadcrumb"},"inLanguage":"fr-FR","potentialAction":[{"@type":"ReadAction","target":["https:\/\/frenchtutoringlondon.com\/fr\/"]}]},{"@type":"BreadcrumbList","@id":"https:\/\/frenchtutoringlondon.com\/fr\/#breadcrumb","itemListElement":[{"@type":"ListItem","position":1,"name":"Accueil","item":"https:\/\/frenchtutoringlondon.com\/fr\/accueil\/"},{"@type":"ListItem","position":2,"name":"Accueil"}]},{"@type":"WebSite","@id":"https:\/\/frenchtutoringlondon.com\/fr\/#website","url":"https:\/\/frenchtutoringlondon.com\/fr\/","name":"French Tutor","description":"London and Online","potentialAction":[{"@type":"SearchAction","target":{"@type":"EntryPoint","urlTemplate":"https:\/\/frenchtutoringlondon.com\/fr\/?s={search_term_string}"},"query-input":{"@type":"PropertyValueSpecification","valueRequired":true,"valueName":"search_term_string"}}],"inLanguage":"fr-FR"}]}},"_links":{"self":[{"href":"https:\/\/frenchtutoringlondon.com\/fr\/wp-json\/wp\/v2\/pages\/1216","targetHints":{"allow":["GET"]}}],"collection":[{"href":"https:\/\/frenchtutoringlondon.com\/fr\/wp-json\/wp\/v2\/pages"}],"about":[{"href":"https:\/\/frenchtutoringlondon.com\/fr\/wp-json\/wp\/v2\/types\/page"}],"author":[{"embeddable":true,"href":"https:\/\/frenchtutoringlondon.com\/fr\/wp-json\/wp\/v2\/users\/1"}],"replies":[{"embeddable":true,"href":"https:\/\/frenchtutoringlondon.com\/fr\/wp-json\/wp\/v2\/comments?post=1216"}],"version-history":[{"count":10,"href":"https:\/\/frenchtutoringlondon.com\/fr\/wp-json\/wp\/v2\/pages\/1216\/revisions"}],"predecessor-version":[{"id":1341,"href":"https:\/\/frenchtutoringlondon.com\/fr\/wp-json\/wp\/v2\/pages\/1216\/revisions\/1341"}],"wp:attachment":[{"href":"https:\/\/frenchtutoringlondon.com\/fr\/wp-json\/wp\/v2\/media?parent=1216"}],"curies":[{"name":"wp","href":"https:\/\/api.w.org\/{rel}","templated":true}]}}